{"id":74,"date":"2023-07-27T23:08:36","date_gmt":"2023-07-27T21:08:36","guid":{"rendered":"https:\/\/atryumhotel.hu\/?page_id=74"},"modified":"2026-03-07T09:57:15","modified_gmt":"2026-03-07T08:57:15","slug":"hazirend","status":"publish","type":"page","link":"https:\/\/atryumhotel.hu\/index.php\/hazirend\/","title":{"rendered":"H\u00e1zirend"},"content":{"rendered":"\t\t<div data-elementor-type=\"wp-page\" data-elementor-id=\"74\" class=\"elementor elementor-74\" data-elementor-post-type=\"page\">\n\t\t\t\t\t\t<section class=\"elementor-section elementor-top-section elementor-element elementor-element-e4e5054 elementor-section-boxed elementor-section-height-default elementor-section-height-default\" data-id=\"e4e5054\" data-element_type=\"section\" data-e-type=\"section\">\n\t\t\t\t\t\t<div class=\"elementor-container elementor-column-gap-default\">\n\t\t\t\t\t<div class=\"elementor-column elementor-col-100 elementor-top-column elementor-element elementor-element-af9f303\" data-id=\"af9f303\" data-element_type=\"column\" data-e-type=\"column\">\n\t\t\t<div class=\"elementor-widget-wrap elementor-element-populated\">\n\t\t\t\t\t\t<div class=\"elementor-element elementor-element-564d313 elementor-widget elementor-widget-text-editor\" data-id=\"564d313\" data-element_type=\"widget\" data-e-type=\"widget\" data-widget_type=\"text-editor.default\">\n\t\t\t\t<div class=\"elementor-widget-container\">\n\t\t\t\t\t\t\t\t\t<p><img decoding=\"async\" class=\"emoji\" role=\"img\" draggable=\"false\" src=\"https:\/\/s.w.org\/images\/core\/emoji\/17.0.2\/svg\/1f3e8.svg\" alt=\"\ud83c\udfe8\" \/> <strong>Atryum Hotel 2026 \u2013 Vend\u00e9gk\u00f3dex<\/strong><\/p><p><strong>Otthon n\u00e1lunk \u2013 Hasznos tudnival\u00f3k a gondtalan pihen\u00e9shez<\/strong> <img decoding=\"async\" class=\"emoji\" role=\"img\" draggable=\"false\" src=\"https:\/\/s.w.org\/images\/core\/emoji\/17.0.2\/svg\/2728.svg\" alt=\"\u2728\" \/><\/p><p><em>\u201eHogy minden pillanat \u00e9lm\u00e9ny legyen.\u201d<\/em><\/p><p>Kedves Vend\u00e9g\u00fcnk! Szeretn\u00e9nk, ha az Atryum Hotelben t\u00f6lt\u00f6tt id\u0151 minden perce a kikapcsol\u00f3d\u00e1sr\u00f3l sz\u00f3lna. Ehhez k\u00e9rj\u00fck, olvasd el r\u00f6vid <strong>H\u00e1zirend<\/strong>re vonatkoz\u00f3 ismertet\u0151nket.<\/p><p><img decoding=\"async\" class=\"emoji\" role=\"img\" draggable=\"false\" src=\"https:\/\/s.w.org\/images\/core\/emoji\/17.0.2\/svg\/23f0.svg\" alt=\"\u23f0\" \/> <strong>CHECK-IN &amp; CHECK-OUT<\/strong><br \/>\u00c9rkez\u00e9s: <strong>14:00-t\u00f3l<\/strong>. T\u00e1voz\u00e1s: <strong>10:00-ig<\/strong>. Bejelentkez\u00e9skor k\u00e9rj\u00fck, sz\u00edveskedjenek a szem\u00e9lyi igazolv\u00e1nyokat \u00e1tadni koll\u00e9g\u00e1inknak, mert a jogszab\u00e1lyok alapj\u00e1n minden vend\u00e9g k\u00f6teles f\u00e9nyk\u00e9pes igazolv\u00e1ny\u00e1t bemutatni digit\u00e1lis r\u00f6gz\u00edt\u00e9s c\u00e9lj\u00e1b\u00f3l.\u00a0 <em>(K\u00e9s\u0151i t\u00e1voz\u00e1s ig\u00e9ny\u00e9t jelezze a recepci\u00f3n, a kapacit\u00e1s f\u00fcggv\u00e9ny\u00e9ben seg\u00edt\u00fcnk!)<\/em><\/p><p><strong><img decoding=\"async\" class=\"emoji\" role=\"img\" draggable=\"false\" src=\"https:\/\/s.w.org\/images\/core\/emoji\/17.0.2\/svg\/1f6ce.svg\" alt=\"\ud83d\udece\" \/><\/strong><strong>\ufe0f MINDIG ITT VAGYUNK<\/strong><br \/>B\u00e1rmilyen k\u00e9rd\u00e9sed, k\u00e9r\u00e9sed van (legyen az egy extra p\u00e1rna vagy a legjobb szolnoki pizz\u00e9ria c\u00edme), keresd bizalommal a recepci\u00f3nkat!<\/p><p><strong><img decoding=\"async\" class=\"emoji\" role=\"img\" draggable=\"false\" src=\"https:\/\/s.w.org\/images\/core\/emoji\/17.0.2\/svg\/1f92b.svg\" alt=\"\ud83e\udd2b\" \/><\/strong><strong> A NYUGALOM SZIGETE<\/strong><br \/>Sz\u00e1llod\u00e1nk a belv\u00e1ros z\u00f6ld\u00f6vezet\u00e9ben fekszik, falain bel\u00fcl a csend az \u00far. K\u00e9rj\u00fck, <strong>22:00 \u00e9s 08:00 k\u00f6z\u00f6tt<\/strong> figyelj\u00fcnk egym\u00e1s \u00e1lm\u00e1ra a folyos\u00f3kon \u00e9s a szob\u00e1kban is. K\u00f6sz\u00f6nj\u00fck, hogy Te is hozz\u00e1j\u00e1rulsz a b\u00e9k\u00e9s pihen\u00e9shez!<\/p><p><em>A pihentet\u0151 alv\u00e1s mindenkinek j\u00e1r.<\/em><\/p><p><strong><img decoding=\"async\" class=\"emoji\" role=\"img\" draggable=\"false\" src=\"https:\/\/s.w.org\/images\/core\/emoji\/17.0.2\/svg\/1f6ad.svg\" alt=\"\ud83d\udead\" \/><\/strong><strong> F\u00dcSTMENTES \u00d6VEZET \/ TISZTA LEVEG\u0150<\/strong><br \/>Az Atryum egy <strong>f\u00fcstmentes sz\u00e1lloda<\/strong>. A szob\u00e1kban \u00e9s a k\u00f6z\u00f6ss\u00e9gi terekben a doh\u00e1nyz\u00e1s (bele\u00e9rtve az e-cigit is) nem megengedett. Doh\u00e1nyozni kiz\u00e1r\u00f3lag a kijel\u00f6lt k\u00fclt\u00e9ri helysz\u00ednen tudsz \u2013 k\u00f6sz\u00f6nj\u00fck a meg\u00e9rt\u00e9sed \u00e9s a k\u00f6rnyezet\u00fcnk v\u00e9delm\u00e9t!<\/p><p><em>A f\u00fcstmentes leveg\u0151t k\u00f6sz\u00f6nj\u00fck, a szab\u00e1lyszeg\u00e9s extra 5.000.- Ft takar\u00edt\u00e1si d\u00edjat von maga ut\u00e1n.<\/em><\/p><p><strong><img decoding=\"async\" class=\"emoji\" role=\"img\" draggable=\"false\" src=\"https:\/\/s.w.org\/images\/core\/emoji\/17.0.2\/svg\/2615.svg\" alt=\"\u2615\" \/><\/strong><strong> REGGELI: IND\u00cdTSD J\u00d3L A NAPOT!<\/strong><br \/>B\u0151s\u00e9ges reggelinket minden nap <strong>07:00 \u00e9s 10:00 k\u00f6z\u00f6tt<\/strong> t\u00e1laljuk a reggeliz\u0151ben. Ha kor\u00e1bban induln\u00e1l, vagy k\u00fcl\u00f6nleges \u00e9trendi ig\u00e9nyed van (mentes opci\u00f3k), k\u00e9rj\u00fck, jelezd el\u0151re a recepci\u00f3n!<\/p><p><em>Ind\u00edtsa a napot helyi \u00edzekkel!<\/em><\/p><p><img decoding=\"async\" class=\"emoji\" role=\"img\" draggable=\"false\" src=\"https:\/\/s.w.org\/images\/core\/emoji\/17.0.2\/svg\/1f9f9.svg\" alt=\"\ud83e\uddf9\" \/> <strong>TAK\u00c1R\u00cdT\u00c1S &amp; K\u00d6RNYEZETV\u00c9DELEM<\/strong><br \/>Napi takar\u00edt\u00e1st 10:00 \u00e9s 14:00 k\u00f6z\u00f6tt v\u00e9gz\u00fcnk.<br \/><strong><img decoding=\"async\" class=\"emoji\" role=\"img\" draggable=\"false\" src=\"https:\/\/s.w.org\/images\/core\/emoji\/17.0.2\/svg\/1f30d.svg\" alt=\"\ud83c\udf0d\" \/><\/strong><strong> Vigy\u00e1zzunk a holnapra is!<\/strong><br \/>Ha a t\u00f6r\u00f6lk\u00f6z\u0151t a tart\u00f3n hagyod, jelezve, hogy m\u00e9g haszn\u00e1ln\u00e1d, rengeteg vizet \u00e9s energi\u00e1t takar\u00edtunk meg k\u00f6z\u00f6sen. Csak azt mossuk ki, amit a padl\u00f3n hagysz. K\u00f6sz\u00f6nj\u00fck a tudatoss\u00e1got!<\/p><p><img decoding=\"async\" class=\"emoji\" role=\"img\" draggable=\"false\" src=\"https:\/\/s.w.org\/images\/core\/emoji\/17.0.2\/svg\/1f6e1.svg\" alt=\"\ud83d\udee1\ufe0f\" \/> <strong>BIZTONS\u00c1G &amp; \u00c9RT\u00c9KEK<\/strong><br \/>K\u00e9rj\u00fck, \u00e9rt\u00e9kt\u00e1rgyait helyezze a szobai sz\u00e9fbe. A szob\u00e1ban hagyott \u00e9rt\u00e9kt\u00e1rgyak\u00e9rt a sz\u00e1lloda nem v\u00e1llal felel\u0151ss\u00e9get.<\/p><p><img decoding=\"async\" class=\"emoji\" role=\"img\" draggable=\"false\" src=\"https:\/\/s.w.org\/images\/core\/emoji\/17.0.2\/svg\/1f4fa.svg\" alt=\"\ud83d\udcfa\" \/> <strong>TV CSATORNA KIOSZT\u00c1S<\/strong><\/p><p>A csatorna kioszt\u00e1s : 1. M1 2.M2 3.Duna Tv, 4. M4 sport 5.Duna World\u00a0 6. M5 7. RTL, 8. Spektrum Home 9. TV2 10. MAX 4<\/p><p><img decoding=\"async\" class=\"emoji\" role=\"img\" draggable=\"false\" src=\"https:\/\/s.w.org\/images\/core\/emoji\/17.0.2\/svg\/1f310.svg\" alt=\"\ud83c\udf10\" \/> <strong>DIGIT\u00c1LIS VIL\u00c1G\u00a0 \u00a0 \u00a0 \u00a0 \u00a0 \u00a0 \u00a0 \u00a0 \u00a0 \u00a0 \u00a0 \u00a0 \u00a0 \u00a0 \u00a0 \u00a0 \u00a0 \u00a0 \u00a0 \u00a0 \u00a0 \u00a0 \u00a0 \u00a0 \u00a0 \u00a0 \u00a0 \u00a0 \u00a0 \u00a0 \u00a0 \u00a0 \u00a0 \u00a0 \u00a0 \u00a0 \u00a0 \u00a0 \u00a0 \u00a0 \u00a0 \u00a0 \u00a0 \u00a0 \u00a0 \u00a0 \u00a0 \u00a0 \u00a0 \u00a0 \u00a0 \u00a0 \u00a0 \u00a0 \u00a0 \u00a0 \u00a0 \u00a0 \u00a0 \u00a0 \u00a0 \u00a0 \u00a0 \u00a0 \u00a0 \u00a0 \u00a0 \u00a0 \u00a0 \u00a0 \u00a0 \u00a0 \u00a0 \u00a0 \u00a0 \u00a0 \u00a0 \u00a0 \u00a0 \u00a0 \u00a0 \u00a0 \u00a0 \u00a0 \u00a0 \u00a0 \u00a0 \u00a0 \u00a0 \u00a0 \u00a0 \u00a0 \u00a0 \u00a0 \u00a0 \u00a0 \u00a0 \u00a0 \u00a0 \u00a0 \u00a0 \u00a0 \u00a0 \u00a0 \u00a0 \u00a0 \u00a0<\/strong>Ingyenes, nagysebess\u00e9g\u0171 Wi-Fi \u00e9rhet\u0151 el mindenhol.<strong><br \/>&#8222;A&#8221; Standard hotelsz\u00e1rny WIFI PASSWORD: Hotel2023<br \/>&#8222;B&#8221; Economy hotelsz\u00e1rny WIFI PASSWORD: Hotel2023<br \/>&#8222;C&#8221; Deluxe hotelsz\u00e1rny WIFI PASSWORD: trojkatrojka<\/strong><\/p><p><strong><img decoding=\"async\" class=\"emoji\" role=\"img\" draggable=\"false\" src=\"https:\/\/s.w.org\/images\/core\/emoji\/17.0.2\/svg\/1f697.svg\" alt=\"\ud83d\ude97\" \/><\/strong><strong> BIZTONS\u00c1GOS PARKOL\u00c1S<\/strong><br \/>Sz\u00e1llod\u00e1nk el\u0151tt l\u00e9v\u0151 saj\u00e1t, <strong>ingyenes parkol\u00f3nkat<\/strong> vend\u00e9geink \u00e9rkez\u00e9si sorrendben vehetik ig\u00e9nybe. K\u00e9rj\u00fck, \u00fcgyelj a felfest\u00e9sekre, hogy mindenki k\u00e9nyelmesen elf\u00e9rjen.<\/p><p><img decoding=\"async\" class=\"emoji\" role=\"img\" draggable=\"false\" src=\"https:\/\/s.w.org\/images\/core\/emoji\/17.0.2\/svg\/1f4b3.svg\" alt=\"\ud83d\udcb3\" \/> <strong>FIZET\u00c9SI INFORM\u00c1CI\u00d3K<\/strong><br \/>A foglal\u00e1s v\u00e9gleges\u00edt\u00e9s\u00e9hez <strong>30% el\u0151leg<\/strong> (kiemelt id\u0151szakban <strong>50%<\/strong>) megfizet\u00e9se sz\u00fcks\u00e9ges.<br \/><strong>Elfogadott m\u00f3dok:<\/strong> K\u00e9szp\u00e9nz, Bankk\u00e1rtya (VISA\/MC), valamint OTP-s \u00e9s MKB-s t\u00edpus\u00fa <strong>SZ\u00c9P-k\u00e1rtya<\/strong>.<br \/><em>Az Idegenforgalmi Ad\u00f3 (IFA) a helysz\u00ednen, k\u00fcl\u00f6n fizetend\u0151.<\/em><\/p><p><img decoding=\"async\" class=\"emoji\" role=\"img\" draggable=\"false\" src=\"https:\/\/s.w.org\/images\/core\/emoji\/17.0.2\/svg\/1f4c5.svg\" alt=\"\ud83d\udcc5\" \/> <strong>LEMOND\u00c1SI FELT\u00c9TELEK<\/strong><br \/>D\u00edjmentes lemond\u00e1s: az \u00e9rkez\u00e9s el\u0151tt <strong>7 nappal<\/strong>.<br \/><em>7 napon bel\u00fcli lemond\u00e1s vagy meg nem jelen\u00e9s eset\u00e9n a befizetett el\u0151leg k\u00f6tb\u00e9rnek min\u0151s\u00fcl.<\/em><\/p><p><img decoding=\"async\" class=\"emoji\" role=\"img\" draggable=\"false\" src=\"https:\/\/s.w.org\/images\/core\/emoji\/17.0.2\/svg\/1f6cb.svg\" alt=\"\ud83d\udecb\ufe0f\" \/> <strong>BERENDEZ\u00c9SI T\u00c1RGYAK HASZN\u00c1LATA<\/strong><\/p><p>A sz\u00e1lloda berendez\u00e9si t\u00e1rgyait mindenki rendeltet\u00e9sszer\u0171en, a t\u0151l\u00fck elv\u00e1rhat\u00f3 gondoss\u00e1ggal k\u00f6teles haszn\u00e1lni.\u00a0 A szobai b\u00fatorokat, text\u00edli\u00e1kat \u00e9s technikai eszk\u00f6z\u00f6ket a sz\u00e1lloda ter\u00fclet\u00e9r\u0151l kivinni, vagy m\u00e1s szob\u00e1ba \u00e1thelyezni szigor\u00faan tilos.\u00a0 A nem rendeltet\u00e9sszer\u0171 haszn\u00e1latb\u00f3l ered\u0151 k\u00e1rok\u00e9rt a vend\u00e9g anyagi felel\u0151ss\u00e9ggel tartozik, a k\u00e1rt a helysz\u00ednen k\u00f6teles megt\u00e9r\u00edteni.<\/p><p><img decoding=\"async\" class=\"emoji\" role=\"img\" draggable=\"false\" src=\"https:\/\/s.w.org\/images\/core\/emoji\/17.0.2\/svg\/1f511.svg\" alt=\"\ud83d\udd11\" \/> <strong>SZOBAKULCS<\/strong> \u00e9s <strong>M\u00c1GNESK\u00c1RTYA<\/strong><br \/>T\u00e1voz\u00e1skor k\u00e9rj\u00fck, a k\u00e1rty\u00e1t adja le a recepci\u00f3n.<br \/><em>Az elvesz\u00edtett kulcsok \u00e9s k\u00e1rty\u00e1k p\u00f3tl\u00e1si d\u00edja: 5.000 Ft.<\/em><\/p><p><img decoding=\"async\" class=\"emoji\" role=\"img\" draggable=\"false\" src=\"https:\/\/s.w.org\/images\/core\/emoji\/17.0.2\/svg\/1f392.svg\" alt=\"\ud83c\udf92\" \/> <strong>TAL\u00c1LT T\u00c1RGYAK<br \/><\/strong><\/p><p>A sz\u00e1lloda a tal\u00e1lt t\u00e1rgyakat a megtal\u00e1l\u00e1st\u00f3l sz\u00e1m\u00edtott 3 h\u00f3napig \u0151rzi meg.<br \/>Amennyiben a vend\u00e9g k\u00e9ri, a tal\u00e1lt t\u00e1rgyat ut\u00e1nv\u00e9ttel post\u00e1zzuk (a postak\u00f6lts\u00e9g a vend\u00e9get terheli).<br \/>Higi\u00e9niai term\u00e9keket \u00e9s romland\u00f3 \u00e9lelmiszereket biztons\u00e1gi okokb\u00f3l nem t\u00e1rolunk, azok azonnal megsemmis\u00edt\u00e9sre ker\u00fclnek.<\/p><p>\ud83d\udcf9 <strong>BIZTONS\u00c1GI MEGFIGYEL\u0150RENDSZER<\/strong><\/p><p>T\u00e1j\u00e9koztatjuk vend\u00e9geinket, hogy a hotel k\u00f6z\u00f6ss\u00e9gi ter\u00fcletein <strong>elektronikus megfigyel\u0151rendszer (kamerarendszer)<\/strong> m\u0171k\u00f6dik vagyonv\u00e9delmi \u00e9s szem\u00e9lyi biztons\u00e1gi c\u00e9llal.<\/p><p>A felv\u00e9telek kezel\u00e9se a hat\u00e1lyos adatv\u00e9delmi jogszab\u00e1lyoknak megfelel\u0151en t\u00f6rt\u00e9nik.<\/p><p><img decoding=\"async\" class=\"emoji\" role=\"img\" draggable=\"false\" src=\"https:\/\/s.w.org\/images\/core\/emoji\/17.0.2\/svg\/1f525.svg\" alt=\"\ud83d\udd25\" \/> <strong>T\u0170Z- \u00c9S BALESETV\u00c9DELMI SZAB\u00c1LYOK\u00a0 \u00a0 \u00a0 \u00a0 \u00a0 \u00a0 \u00a0 \u00a0 \u00a0 \u00a0 \u00a0 \u00a0 \u00a0 \u00a0 \u00a0 \u00a0 \u00a0 \u00a0 \u00a0 \u00a0 \u00a0 \u00a0 \u00a0 \u00a0 \u00a0 \u00a0 \u00a0 \u00a0 \u00a0 \u00a0 \u00a0 \u00a0 \u00a0 \u00a0 \u00a0 \u00a0 \u00a0 \u00a0 \u00a0 \u00a0 \u00a0 \u00a0 \u00a0 \u00a0 \u00a0 \u00a0 \u00a0 \u00a0 \u00a0 \u00a0 \u00a0 \u00a0 \u00a0 \u00a0 \u00a0 \u00a0 \u00a0 \u00a0 \u00a0 \u00a0 \u00a0 \u00a0 \u00a0 \u00a0 \u00a0 \u00a0 \u00a0 \u00a0 \u00a0 \u00a0 \u00a0 \u00a0 \u00a0 \u00a0 \u00a0 \u00a0 \u00a0 \u00a0 \u00a0 \u00a0 \u00a0 \u00a0 \u00a0 \u00a0 \u00a0 <\/strong>A t\u0171z- \u00e9s balesetv\u00e9delmi szab\u00e1lyok betart\u00e1sa minden vend\u00e9g sz\u00e1m\u00e1ra k\u00f6telez\u0151.<br \/>A szob\u00e1kban tilos gy\u00fal\u00e9kony anyagot t\u00e1rolni, valamint saj\u00e1t elektromos f\u0151z\u0151berendez\u00e9st, vasal\u00f3t vagy h\u0151sug\u00e1rz\u00f3t \u00fczemeltetni.<br \/>T\u0171zriad\u00f3 eset\u00e9n k\u00f6vesse a folyos\u00f3kon elhelyezett menek\u00fcl\u00e9si \u00fatvonalat.<br \/>A f\u00fcst\u00e9rz\u00e9kel\u0151k letakar\u00e1sa vagy rong\u00e1l\u00e1sa hat\u00f3s\u00e1gi elj\u00e1r\u00e1st von maga ut\u00e1n.<strong><br \/><\/strong><\/p><p>A sz\u00e1ll\u00e1s ig\u00e9nybev\u00e9tel\u00e9vel \u00d6n\u00f6k elismerik, \u00e9s elfogadj\u00e1k a sz\u00e1llod\u00e1nk h\u00e1zirendj\u00e9t \u00e9s honlapunkon <a href=\"https:\/\/atryumhotel.hu\/\">https:\/\/atryumhotel.hu\/<\/a> megtal\u00e1lhat\u00f3 \u00e1ltal\u00e1nos szerz\u0151d\u00e9si felt\u00e9teleket<\/p>\t\t\t\t\t\t\t\t<\/div>\n\t\t\t\t<\/div>\n\t\t\t\t<div class=\"elementor-element elementor-element-70d5241 elementor-widget elementor-widget-text-editor\" data-id=\"70d5241\" data-element_type=\"widget\" data-e-type=\"widget\" data-widget_type=\"text-editor.default\">\n\t\t\t\t<div class=\"elementor-widget-container\">\n\t\t\t\t\t\t\t\t\t<p>\u00a0<\/p><p><span style=\"color: #000000;\">Egy\u00fcttm\u0171k\u00f6d\u00e9s\u00fcket el\u0151re is k\u00f6sz\u00f6nj\u00fck!<\/span><\/p><p><span style=\"color: #000000;\">Kellemes id\u0151t\u00f6lt\u00e9st k\u00edv\u00e1n az Atryum Hotel csapata!<\/span><\/p><p><a href=\"https:\/\/atryumhotel.hu\/vendegtajekoztato-atryum-hotel.pdf\" target=\"_blank\" rel=\"noopener\">Vend\u00e9gt\u00e1j\u00e9koztat\u00f3 megtekint\u00e9se<\/a><\/p>\t\t\t\t\t\t\t\t<\/div>\n\t\t\t\t<\/div>\n\t\t\t\t\t<\/div>\n\t\t<\/div>\n\t\t\t\t\t<\/div>\n\t\t<\/section>\n\t\t\t\t<\/div>\n\t\t","protected":false},"excerpt":{"rendered":"<p>Atryum Hotel 2026 \u2013 Vend\u00e9gk\u00f3dex Otthon n\u00e1lunk \u2013 Hasznos tudnival\u00f3k a gondtalan pihen\u00e9shez \u201eHogy minden &#8230; <\/p>\n<div class=\"text-center\"><a class=\"theme-btn\" href=\"https:\/\/atryumhotel.hu\/index.php\/hazirend\/\">Read More<\/a><\/div>\n","protected":false},"author":1,"featured_media":0,"parent":0,"menu_order":0,"comment_status":"closed","ping_status":"closed","template":"","meta":{"footnotes":""},"class_list":["post-74","page","type-page","status-publish","hentry"],"aioseo_notices":[],"lang":"hu","translations":{"hu":74},"pll_sync_post":[],"_links":{"self":[{"href":"https:\/\/atryumhotel.hu\/index.php\/wp-json\/wp\/v2\/pages\/74","targetHints":{"allow":["GET"]}}],"collection":[{"href":"https:\/\/atryumhotel.hu\/index.php\/wp-json\/wp\/v2\/pages"}],"about":[{"href":"https:\/\/atryumhotel.hu\/index.php\/wp-json\/wp\/v2\/types\/page"}],"author":[{"embeddable":true,"href":"https:\/\/atryumhotel.hu\/index.php\/wp-json\/wp\/v2\/users\/1"}],"replies":[{"embeddable":true,"href":"https:\/\/atryumhotel.hu\/index.php\/wp-json\/wp\/v2\/comments?post=74"}],"version-history":[{"count":48,"href":"https:\/\/atryumhotel.hu\/index.php\/wp-json\/wp\/v2\/pages\/74\/revisions"}],"predecessor-version":[{"id":2972,"href":"https:\/\/atryumhotel.hu\/index.php\/wp-json\/wp\/v2\/pages\/74\/revisions\/2972"}],"wp:attachment":[{"href":"https:\/\/atryumhotel.hu\/index.php\/wp-json\/wp\/v2\/media?parent=74"}],"curies":[{"name":"wp","href":"https:\/\/api.w.org\/{rel}","templated":true}]}}