{"id":547,"date":"2024-11-13T15:23:53","date_gmt":"2024-11-13T14:23:53","guid":{"rendered":"https:\/\/atryumhotel.hu\/?page_id=547"},"modified":"2024-11-14T20:16:53","modified_gmt":"2024-11-14T19:16:53","slug":"the-hotel","status":"publish","type":"page","link":"https:\/\/atryumhotel.hu\/index.php\/en\/the-hotel\/","title":{"rendered":"Hotel"},"content":{"rendered":"\t\t<div data-elementor-type=\"wp-page\" data-elementor-id=\"547\" class=\"elementor elementor-547\" data-elementor-post-type=\"page\">\n\t\t\t\t\t\t<section class=\"elementor-section elementor-top-section elementor-element elementor-element-3c3e4941 elementor-section-boxed elementor-section-height-default elementor-section-height-default\" data-id=\"3c3e4941\" data-element_type=\"section\" data-e-type=\"section\">\n\t\t\t\t\t\t<div class=\"elementor-container elementor-column-gap-default\">\n\t\t\t\t\t<div class=\"elementor-column elementor-col-100 elementor-top-column elementor-element elementor-element-2a2af0f6\" data-id=\"2a2af0f6\" data-element_type=\"column\" data-e-type=\"column\">\n\t\t\t<div class=\"elementor-widget-wrap elementor-element-populated\">\n\t\t\t\t\t\t<div class=\"elementor-element elementor-element-a9eafce elementor-widget__width-initial elementor-widget elementor-widget-image\" data-id=\"a9eafce\" data-element_type=\"widget\" data-e-type=\"widget\" data-widget_type=\"image.default\">\n\t\t\t\t<div class=\"elementor-widget-container\">\n\t\t\t\t\t\t\t\t\t\t\t\t\t\t\t<img fetchpriority=\"high\" decoding=\"async\" width=\"768\" height=\"1365\" src=\"https:\/\/atryumhotel.hu\/wp-content\/uploads\/2024\/11\/H-768x1365.jpg\" class=\"attachment-medium_large size-medium_large wp-image-578\" alt=\"\" srcset=\"https:\/\/atryumhotel.hu\/wp-content\/uploads\/2024\/11\/H-768x1365.jpg 768w, https:\/\/atryumhotel.hu\/wp-content\/uploads\/2024\/11\/H-169x300.jpg 169w, https:\/\/atryumhotel.hu\/wp-content\/uploads\/2024\/11\/H-576x1024.jpg 576w, https:\/\/atryumhotel.hu\/wp-content\/uploads\/2024\/11\/H-864x1536.jpg 864w, https:\/\/atryumhotel.hu\/wp-content\/uploads\/2024\/11\/H.jpg 1125w\" sizes=\"(max-width: 768px) 100vw, 768px\" \/>\t\t\t\t\t\t\t\t\t\t\t\t\t\t\t<\/div>\n\t\t\t\t<\/div>\n\t\t\t\t<div class=\"elementor-element elementor-element-228ccda1 elementor-widget__width-initial elementor-widget elementor-widget-text-editor\" data-id=\"228ccda1\" data-element_type=\"widget\" data-e-type=\"widget\" data-widget_type=\"text-editor.default\">\n\t\t\t\t<div class=\"elementor-widget-container\">\n\t\t\t\t\t\t\t\t\t<p>Our hotel rooms provide comfortable relaxation with spacious, bright airy rooms overlooking nature, the Tisza river bank or the garden and grove. Many rooms have a large balcony.<\/p><p>10 standard rooms with bathroom with shower, 6 deluxe hotel rooms with bathroom with shower and separate toilet and 1 penthouse apartment.<\/p><p>\u00a0<\/p><p><b>Deluxe francia \u00e1gyas szoba<\/b><br \/><!--Booking Engine Start--><script src=\"https:\/\/ibe.sabeeapp.com\/bewidget.php?id=8449cb980c50e4e881a16b782bb6b517\" type=\"text\/javascript\" id=\"widget_8449cb980c50e4e881a16b782bb6b517\"><\/script><!--Booking Engine End--><\/p><p><b>Luxury Apartman<\/b><br \/><!--Booking Engine Start--><script src=\"https:\/\/ibe.sabeeapp.com\/bewidget.php?id=bee57f4555af62584de4bfa1654d506b\" type=\"text\/javascript\" id=\"widget_bee57f4555af62584de4bfa1654d506b\"><\/script><!--Booking Engine End--><\/p><p><b>Deluxe szoba francia \u00e1ggyal, egy k\u00fcl\u00f6n \u00e1ggyal \u00e9s egy \u00e1gyas k\u00fcl\u00f6n szob\u00e1val<\/b><br \/><!--Booking Engine Start--><script src=\"https:\/\/ibe.sabeeapp.com\/bewidget.php?id=d5fefcfa902363ffcc5f16d4f60211e6\" type=\"text\/javascript\" id=\"widget_d5fefcfa902363ffcc5f16d4f60211e6\"><\/script><!--Booking Engine End--><\/p><p><b>Deluxe szoba francia \u00e1ggyal \u00e9s k\u00fcl\u00f6n \u00e1ggyal<\/b><br \/><!--Booking Engine Start--><script src=\"https:\/\/ibe.sabeeapp.com\/bewidget.php?id=2bde360439f465f93c37a2f9a8e3f4fa\" type=\"text\/javascript\" id=\"widget_2bde360439f465f93c37a2f9a8e3f4fa\"><\/script><!--Booking Engine End--><\/p><p><b>Francia \u00e1gyas szoba erk\u00e9llyel (2 p\u00f3t\u00e1ggyal)<\/b><br \/><!--Booking Engine Start--><script src=\"https:\/\/ibe.sabeeapp.com\/bewidget.php?id=4d437f4c8ca283e8513a2dc453c12982\" type=\"text\/javascript\" id=\"widget_4d437f4c8ca283e8513a2dc453c12982\"><\/script><!--Booking Engine End--><\/p><p><b>Francia \u00e1gyas szoba (2 p\u00f3t\u00e1ggyal)<\/b><br \/><!--Booking Engine Start--><script src=\"https:\/\/ibe.sabeeapp.com\/bewidget.php?id=265f9f9510276c196119554456e2b132\" type=\"text\/javascript\" id=\"widget_265f9f9510276c196119554456e2b132\"><\/script><!--Booking Engine End--><\/p><p><b>2 \u00e1gyas gal\u00e9ri\u00e1s szoba erk\u00e9llyel<\/b><br \/><!--Booking Engine Start--><script src=\"https:\/\/ibe.sabeeapp.com\/bewidget.php?id=ce108d19900ab48ffa66f4e9f6d4d307\" type=\"text\/javascript\" id=\"widget_ce108d19900ab48ffa66f4e9f6d4d307\"><\/script><!--Booking Engine End--><\/p><p><b>Francia \u00e1gyas gal\u00e9ri\u00e1s szoba erk\u00e9llyel \u00e9s egy p\u00f3t\u00e1ggyal<\/b><br \/><!--Booking Engine Start--><script src=\"https:\/\/ibe.sabeeapp.com\/bewidget.php?id=6bc619373354febb7a705df1d7561794\" type=\"text\/javascript\" id=\"widget_6bc619373354febb7a705df1d7561794\"><\/script><!--Booking Engine End--><\/p>\t\t\t\t\t\t\t\t<\/div>\n\t\t\t\t<\/div>\n\t\t\t\t\t<\/div>\n\t\t<\/div>\n\t\t\t\t\t<\/div>\n\t\t<\/section>\n\t\t\t\t<section class=\"elementor-section elementor-top-section elementor-element elementor-element-52b8020 elementor-section-boxed elementor-section-height-default elementor-section-height-default\" data-id=\"52b8020\" data-element_type=\"section\" data-e-type=\"section\">\n\t\t\t\t\t\t<div class=\"elementor-container elementor-column-gap-default\">\n\t\t\t\t\t<div class=\"elementor-column elementor-col-100 elementor-top-column elementor-element elementor-element-48ce281\" data-id=\"48ce281\" data-element_type=\"column\" data-e-type=\"column\">\n\t\t\t<div class=\"elementor-widget-wrap elementor-element-populated\">\n\t\t\t\t\t\t<div class=\"elementor-element elementor-element-d0e7f77 elementor-widget elementor-widget-spacer\" data-id=\"d0e7f77\" data-element_type=\"widget\" data-e-type=\"widget\" data-widget_type=\"spacer.default\">\n\t\t\t\t<div class=\"elementor-widget-container\">\n\t\t\t\t\t\t\t<div class=\"elementor-spacer\">\n\t\t\t<div class=\"elementor-spacer-inner\"><\/div>\n\t\t<\/div>\n\t\t\t\t\t\t<\/div>\n\t\t\t\t<\/div>\n\t\t\t\t<div class=\"elementor-element elementor-element-8583252 elementor-widget elementor-widget-image-gallery\" data-id=\"8583252\" data-element_type=\"widget\" data-e-type=\"widget\" data-widget_type=\"image-gallery.default\">\n\t\t\t\t<div class=\"elementor-widget-container\">\n\t\t\t\t\t\t\t<div class=\"elementor-image-gallery\">\n\t\t\t<div id='gallery-73' class='gallery galleryid-547 gallery-columns-6 gallery-size-thumbnail'><figure class='gallery-item'>\n\t\t\t<div class='gallery-icon landscape'>\n\t\t\t\t<a data-elementor-open-lightbox=\"yes\" data-elementor-lightbox-slideshow=\"8583252\" data-elementor-lightbox-title=\"404275214_1708145556373419_8717761292352373110_n\" data-e-action-hash=\"#elementor-action%3Aaction%3Dlightbox%26settings%3DeyJpZCI6NTgwLCJ1cmwiOiJodHRwczpcL1wvYXRyeXVtaG90ZWwuaHVcL3dwLWNvbnRlbnRcL3VwbG9hZHNcLzIwMjRcLzExXC80MDQyNzUyMTRfMTcwODE0NTU1NjM3MzQxOV84NzE3NzYxMjkyMzUyMzczMTEwX24uanBnIiwic2xpZGVzaG93IjoiODU4MzI1MiJ9\" href='https:\/\/atryumhotel.hu\/wp-content\/uploads\/2024\/11\/404275214_1708145556373419_8717761292352373110_n.jpg'><img decoding=\"async\" width=\"150\" height=\"150\" src=\"https:\/\/atryumhotel.hu\/wp-content\/uploads\/2024\/11\/404275214_1708145556373419_8717761292352373110_n-150x150.jpg\" class=\"attachment-thumbnail size-thumbnail\" alt=\"\" \/><\/a>\n\t\t\t<\/div><\/figure><figure class='gallery-item'>\n\t\t\t<div class='gallery-icon portrait'>\n\t\t\t\t<a data-elementor-open-lightbox=\"yes\" data-elementor-lightbox-slideshow=\"8583252\" data-elementor-lightbox-title=\"TROJKA_59 (1 of 1)\" data-e-action-hash=\"#elementor-action%3Aaction%3Dlightbox%26settings%3DeyJpZCI6NTkxLCJ1cmwiOiJodHRwczpcL1wvYXRyeXVtaG90ZWwuaHVcL3dwLWNvbnRlbnRcL3VwbG9hZHNcLzIwMjRcLzExXC9UUk9KS0FfNTktMS1vZi0xLXNjYWxlZC5qcGciLCJzbGlkZXNob3ciOiI4NTgzMjUyIn0%3D\" href='https:\/\/atryumhotel.hu\/wp-content\/uploads\/2024\/11\/TROJKA_59-1-of-1-scaled.jpg'><img decoding=\"async\" width=\"150\" height=\"150\" src=\"https:\/\/atryumhotel.hu\/wp-content\/uploads\/2024\/11\/TROJKA_59-1-of-1-150x150.jpg\" class=\"attachment-thumbnail size-thumbnail\" alt=\"\" \/><\/a>\n\t\t\t<\/div><\/figure><figure class='gallery-item'>\n\t\t\t<div class='gallery-icon landscape'>\n\t\t\t\t<a data-elementor-open-lightbox=\"yes\" data-elementor-lightbox-slideshow=\"8583252\" data-elementor-lightbox-title=\"TROJKA_56 (1 of 1)\" data-e-action-hash=\"#elementor-action%3Aaction%3Dlightbox%26settings%3DeyJpZCI6NTkwLCJ1cmwiOiJodHRwczpcL1wvYXRyeXVtaG90ZWwuaHVcL3dwLWNvbnRlbnRcL3VwbG9hZHNcLzIwMjRcLzExXC9UUk9KS0FfNTYtMS1vZi0xLXNjYWxlZC5qcGciLCJzbGlkZXNob3ciOiI4NTgzMjUyIn0%3D\" href='https:\/\/atryumhotel.hu\/wp-content\/uploads\/2024\/11\/TROJKA_56-1-of-1-scaled.jpg'><img loading=\"lazy\" decoding=\"async\" width=\"150\" height=\"150\" src=\"https:\/\/atryumhotel.hu\/wp-content\/uploads\/2024\/11\/TROJKA_56-1-of-1-150x150.jpg\" class=\"attachment-thumbnail size-thumbnail\" alt=\"\" \/><\/a>\n\t\t\t<\/div><\/figure><figure class='gallery-item'>\n\t\t\t<div class='gallery-icon landscape'>\n\t\t\t\t<a data-elementor-open-lightbox=\"yes\" data-elementor-lightbox-slideshow=\"8583252\" data-elementor-lightbox-title=\"TROJKA_36 (1 of 1)\" data-e-action-hash=\"#elementor-action%3Aaction%3Dlightbox%26settings%3DeyJpZCI6NTg5LCJ1cmwiOiJodHRwczpcL1wvYXRyeXVtaG90ZWwuaHVcL3dwLWNvbnRlbnRcL3VwbG9hZHNcLzIwMjRcLzExXC9UUk9KS0FfMzYtMS1vZi0xLXNjYWxlZC5qcGciLCJzbGlkZXNob3ciOiI4NTgzMjUyIn0%3D\" href='https:\/\/atryumhotel.hu\/wp-content\/uploads\/2024\/11\/TROJKA_36-1-of-1-scaled.jpg'><img loading=\"lazy\" decoding=\"async\" width=\"150\" height=\"150\" src=\"https:\/\/atryumhotel.hu\/wp-content\/uploads\/2024\/11\/TROJKA_36-1-of-1-150x150.jpg\" class=\"attachment-thumbnail size-thumbnail\" alt=\"\" \/><\/a>\n\t\t\t<\/div><\/figure><figure class='gallery-item'>\n\t\t\t<div class='gallery-icon portrait'>\n\t\t\t\t<a data-elementor-open-lightbox=\"yes\" data-elementor-lightbox-slideshow=\"8583252\" data-elementor-lightbox-title=\"TROJKA_09 (1 of 1)\" data-e-action-hash=\"#elementor-action%3Aaction%3Dlightbox%26settings%3DeyJpZCI6NTg4LCJ1cmwiOiJodHRwczpcL1wvYXRyeXVtaG90ZWwuaHVcL3dwLWNvbnRlbnRcL3VwbG9hZHNcLzIwMjRcLzExXC9UUk9KS0FfMDktMS1vZi0xLXNjYWxlZC5qcGciLCJzbGlkZXNob3ciOiI4NTgzMjUyIn0%3D\" href='https:\/\/atryumhotel.hu\/wp-content\/uploads\/2024\/11\/TROJKA_09-1-of-1-scaled.jpg'><img loading=\"lazy\" decoding=\"async\" width=\"150\" height=\"150\" src=\"https:\/\/atryumhotel.hu\/wp-content\/uploads\/2024\/11\/TROJKA_09-1-of-1-150x150.jpg\" class=\"attachment-thumbnail size-thumbnail\" alt=\"\" \/><\/a>\n\t\t\t<\/div><\/figure><figure class='gallery-item'>\n\t\t\t<div class='gallery-icon landscape'>\n\t\t\t\t<a data-elementor-open-lightbox=\"yes\" data-elementor-lightbox-slideshow=\"8583252\" data-elementor-lightbox-title=\"TROJKA_02 (1 of 1)\" data-e-action-hash=\"#elementor-action%3Aaction%3Dlightbox%26settings%3DeyJpZCI6NTg3LCJ1cmwiOiJodHRwczpcL1wvYXRyeXVtaG90ZWwuaHVcL3dwLWNvbnRlbnRcL3VwbG9hZHNcLzIwMjRcLzExXC9UUk9KS0FfMDItMS1vZi0xLXNjYWxlZC5qcGciLCJzbGlkZXNob3ciOiI4NTgzMjUyIn0%3D\" href='https:\/\/atryumhotel.hu\/wp-content\/uploads\/2024\/11\/TROJKA_02-1-of-1-scaled.jpg'><img loading=\"lazy\" decoding=\"async\" width=\"150\" height=\"150\" src=\"https:\/\/atryumhotel.hu\/wp-content\/uploads\/2024\/11\/TROJKA_02-1-of-1-150x150.jpg\" class=\"attachment-thumbnail size-thumbnail\" alt=\"\" \/><\/a>\n\t\t\t<\/div><\/figure><figure class='gallery-item'>\n\t\t\t<div class='gallery-icon portrait'>\n\t\t\t\t<a data-elementor-open-lightbox=\"yes\" data-elementor-lightbox-slideshow=\"8583252\" data-elementor-lightbox-title=\"462642991_1600826373802449_6887054093454684714_n\" data-e-action-hash=\"#elementor-action%3Aaction%3Dlightbox%26settings%3DeyJpZCI6NTg2LCJ1cmwiOiJodHRwczpcL1wvYXRyeXVtaG90ZWwuaHVcL3dwLWNvbnRlbnRcL3VwbG9hZHNcLzIwMjRcLzExXC80NjI2NDI5OTFfMTYwMDgyNjM3MzgwMjQ0OV82ODg3MDU0MDkzNDU0Njg0NzE0X24tMS5qcGciLCJzbGlkZXNob3ciOiI4NTgzMjUyIn0%3D\" href='https:\/\/atryumhotel.hu\/wp-content\/uploads\/2024\/11\/462642991_1600826373802449_6887054093454684714_n-1.jpg'><img loading=\"lazy\" decoding=\"async\" width=\"150\" height=\"150\" src=\"https:\/\/atryumhotel.hu\/wp-content\/uploads\/2024\/11\/462642991_1600826373802449_6887054093454684714_n-1-150x150.jpg\" class=\"attachment-thumbnail size-thumbnail\" alt=\"\" \/><\/a>\n\t\t\t<\/div><\/figure><figure class='gallery-item'>\n\t\t\t<div class='gallery-icon portrait'>\n\t\t\t\t<a data-elementor-open-lightbox=\"yes\" data-elementor-lightbox-slideshow=\"8583252\" data-elementor-lightbox-title=\"462636551_1966109960483448_64190803685521275_n\" data-e-action-hash=\"#elementor-action%3Aaction%3Dlightbox%26settings%3DeyJpZCI6NTg1LCJ1cmwiOiJodHRwczpcL1wvYXRyeXVtaG90ZWwuaHVcL3dwLWNvbnRlbnRcL3VwbG9hZHNcLzIwMjRcLzExXC80NjI2MzY1NTFfMTk2NjEwOTk2MDQ4MzQ0OF82NDE5MDgwMzY4NTUyMTI3NV9uLmpwZyIsInNsaWRlc2hvdyI6Ijg1ODMyNTIifQ%3D%3D\" href='https:\/\/atryumhotel.hu\/wp-content\/uploads\/2024\/11\/462636551_1966109960483448_64190803685521275_n.jpg'><img loading=\"lazy\" decoding=\"async\" width=\"150\" height=\"150\" src=\"https:\/\/atryumhotel.hu\/wp-content\/uploads\/2024\/11\/462636551_1966109960483448_64190803685521275_n-150x150.jpg\" class=\"attachment-thumbnail size-thumbnail\" alt=\"\" \/><\/a>\n\t\t\t<\/div><\/figure><figure class='gallery-item'>\n\t\t\t<div class='gallery-icon portrait'>\n\t\t\t\t<a data-elementor-open-lightbox=\"yes\" data-elementor-lightbox-slideshow=\"8583252\" data-elementor-lightbox-title=\"462576168_593248850030542_2887640998295719905_n\" data-e-action-hash=\"#elementor-action%3Aaction%3Dlightbox%26settings%3DeyJpZCI6NTg0LCJ1cmwiOiJodHRwczpcL1wvYXRyeXVtaG90ZWwuaHVcL3dwLWNvbnRlbnRcL3VwbG9hZHNcLzIwMjRcLzExXC80NjI1NzYxNjhfNTkzMjQ4ODUwMDMwNTQyXzI4ODc2NDA5OTgyOTU3MTk5MDVfbi5qcGciLCJzbGlkZXNob3ciOiI4NTgzMjUyIn0%3D\" href='https:\/\/atryumhotel.hu\/wp-content\/uploads\/2024\/11\/462576168_593248850030542_2887640998295719905_n.jpg'><img loading=\"lazy\" decoding=\"async\" width=\"150\" height=\"150\" src=\"https:\/\/atryumhotel.hu\/wp-content\/uploads\/2024\/11\/462576168_593248850030542_2887640998295719905_n-150x150.jpg\" class=\"attachment-thumbnail size-thumbnail\" alt=\"\" \/><\/a>\n\t\t\t<\/div><\/figure><figure class='gallery-item'>\n\t\t\t<div class='gallery-icon portrait'>\n\t\t\t\t<a data-elementor-open-lightbox=\"yes\" data-elementor-lightbox-slideshow=\"8583252\" data-elementor-lightbox-title=\"462572298_576286294790177_6667212226762063362_n\" data-e-action-hash=\"#elementor-action%3Aaction%3Dlightbox%26settings%3DeyJpZCI6NTgzLCJ1cmwiOiJodHRwczpcL1wvYXRyeXVtaG90ZWwuaHVcL3dwLWNvbnRlbnRcL3VwbG9hZHNcLzIwMjRcLzExXC80NjI1NzIyOThfNTc2Mjg2Mjk0NzkwMTc3XzY2NjcyMTIyMjY3NjIwNjMzNjJfbi5qcGciLCJzbGlkZXNob3ciOiI4NTgzMjUyIn0%3D\" href='https:\/\/atryumhotel.hu\/wp-content\/uploads\/2024\/11\/462572298_576286294790177_6667212226762063362_n.jpg'><img loading=\"lazy\" decoding=\"async\" width=\"150\" height=\"150\" src=\"https:\/\/atryumhotel.hu\/wp-content\/uploads\/2024\/11\/462572298_576286294790177_6667212226762063362_n-150x150.jpg\" class=\"attachment-thumbnail size-thumbnail\" alt=\"\" \/><\/a>\n\t\t\t<\/div><\/figure><figure class='gallery-item'>\n\t\t\t<div class='gallery-icon landscape'>\n\t\t\t\t<a data-elementor-open-lightbox=\"yes\" data-elementor-lightbox-slideshow=\"8583252\" data-elementor-lightbox-title=\"462565278_1636643760225029_6823676588871610866_n\" data-e-action-hash=\"#elementor-action%3Aaction%3Dlightbox%26settings%3DeyJpZCI6NTgyLCJ1cmwiOiJodHRwczpcL1wvYXRyeXVtaG90ZWwuaHVcL3dwLWNvbnRlbnRcL3VwbG9hZHNcLzIwMjRcLzExXC80NjI1NjUyNzhfMTYzNjY0Mzc2MDIyNTAyOV82ODIzNjc2NTg4ODcxNjEwODY2X24uanBnIiwic2xpZGVzaG93IjoiODU4MzI1MiJ9\" href='https:\/\/atryumhotel.hu\/wp-content\/uploads\/2024\/11\/462565278_1636643760225029_6823676588871610866_n.jpg'><img loading=\"lazy\" decoding=\"async\" width=\"150\" height=\"150\" src=\"https:\/\/atryumhotel.hu\/wp-content\/uploads\/2024\/11\/462565278_1636643760225029_6823676588871610866_n-150x150.jpg\" class=\"attachment-thumbnail size-thumbnail\" alt=\"\" \/><\/a>\n\t\t\t<\/div><\/figure><figure class='gallery-item'>\n\t\t\t<div class='gallery-icon landscape'>\n\t\t\t\t<a data-elementor-open-lightbox=\"yes\" data-elementor-lightbox-slideshow=\"8583252\" data-elementor-lightbox-title=\"462562478_547957594834986_642022138296849750_n\" data-e-action-hash=\"#elementor-action%3Aaction%3Dlightbox%26settings%3DeyJpZCI6NTgxLCJ1cmwiOiJodHRwczpcL1wvYXRyeXVtaG90ZWwuaHVcL3dwLWNvbnRlbnRcL3VwbG9hZHNcLzIwMjRcLzExXC80NjI1NjI0NzhfNTQ3OTU3NTk0ODM0OTg2XzY0MjAyMjEzODI5Njg0OTc1MF9uLmpwZyIsInNsaWRlc2hvdyI6Ijg1ODMyNTIifQ%3D%3D\" href='https:\/\/atryumhotel.hu\/wp-content\/uploads\/2024\/11\/462562478_547957594834986_642022138296849750_n.jpg'><img loading=\"lazy\" decoding=\"async\" width=\"150\" height=\"150\" src=\"https:\/\/atryumhotel.hu\/wp-content\/uploads\/2024\/11\/462562478_547957594834986_642022138296849750_n-150x150.jpg\" class=\"attachment-thumbnail size-thumbnail\" alt=\"\" \/><\/a>\n\t\t\t<\/div><\/figure>\n\t\t<\/div>\n\t\t<\/div>\n\t\t\t\t\t\t<\/div>\n\t\t\t\t<\/div>\n\t\t\t\t\t<\/div>\n\t\t<\/div>\n\t\t\t\t\t<\/div>\n\t\t<\/section>\n\t\t\t\t<\/div>\n\t\t","protected":false},"excerpt":{"rendered":"<p>Our hotel rooms provide comfortable relaxation with spacious, bright airy rooms overlooking nature, the Tisza &#8230; <\/p>\n<div class=\"text-center\"><a class=\"theme-btn\" href=\"https:\/\/atryumhotel.hu\/index.php\/en\/the-hotel\/\">Read More<\/a><\/div>\n","protected":false},"author":1,"featured_media":0,"parent":0,"menu_order":0,"comment_status":"closed","ping_status":"closed","template":"","meta":{"footnotes":""},"class_list":["post-547","page","type-page","status-publish","hentry"],"aioseo_notices":[],"lang":"en","translations":{"en":547,"hu":531},"pll_sync_post":[],"_links":{"self":[{"href":"https:\/\/atryumhotel.hu\/index.php\/wp-json\/wp\/v2\/pages\/547","targetHints":{"allow":["GET"]}}],"collection":[{"href":"https:\/\/atryumhotel.hu\/index.php\/wp-json\/wp\/v2\/pages"}],"about":[{"href":"https:\/\/atryumhotel.hu\/index.php\/wp-json\/wp\/v2\/types\/page"}],"author":[{"embeddable":true,"href":"https:\/\/atryumhotel.hu\/index.php\/wp-json\/wp\/v2\/users\/1"}],"replies":[{"embeddable":true,"href":"https:\/\/atryumhotel.hu\/index.php\/wp-json\/wp\/v2\/comments?post=547"}],"version-history":[{"count":13,"href":"https:\/\/atryumhotel.hu\/index.php\/wp-json\/wp\/v2\/pages\/547\/revisions"}],"predecessor-version":[{"id":700,"href":"https:\/\/atryumhotel.hu\/index.php\/wp-json\/wp\/v2\/pages\/547\/revisions\/700"}],"wp:attachment":[{"href":"https:\/\/atryumhotel.hu\/index.php\/wp-json\/wp\/v2\/media?parent=547"}],"curies":[{"name":"wp","href":"https:\/\/api.w.org\/{rel}","templated":true}]}}