{"id":3004,"date":"2026-03-10T09:59:04","date_gmt":"2026-03-10T08:59:04","guid":{"rendered":"https:\/\/atryumhotel.hu\/?page_id=3004"},"modified":"2026-04-20T19:54:37","modified_gmt":"2026-04-20T17:54:37","slug":"esemenyek","status":"publish","type":"page","link":"https:\/\/atryumhotel.hu\/index.php\/esemenyek\/","title":{"rendered":"Esem\u00e9nyek"},"content":{"rendered":"\t\t<div data-elementor-type=\"wp-page\" data-elementor-id=\"3004\" class=\"elementor elementor-3004\" data-elementor-post-type=\"page\">\n\t\t\t\t\t\t<section class=\"elementor-section elementor-top-section elementor-element elementor-element-e9f8a87 elementor-section-boxed elementor-section-height-default elementor-section-height-default\" data-id=\"e9f8a87\" data-element_type=\"section\" data-e-type=\"section\">\n\t\t\t\t\t\t<div class=\"elementor-container elementor-column-gap-default\">\n\t\t\t\t\t<div class=\"elementor-column elementor-col-100 elementor-top-column elementor-element elementor-element-9acb4fb\" data-id=\"9acb4fb\" data-element_type=\"column\" data-e-type=\"column\">\n\t\t\t<div class=\"elementor-widget-wrap elementor-element-populated\">\n\t\t\t\t\t\t<div class=\"elementor-element elementor-element-c34afa6 elementor-widget elementor-widget-text-editor\" data-id=\"c34afa6\" data-element_type=\"widget\" data-e-type=\"widget\" data-widget_type=\"text-editor.default\">\n\t\t\t\t<div class=\"elementor-widget-container\">\n\t\t\t\t\t\t\t\t\t<p>Szolnok 2026-ban is v\u00e1ltozatos kultur\u00e1lis, gasztron\u00f3miai \u00e9s szabadid\u0151s programokkal v\u00e1rja a l\u00e1togat\u00f3kat. \u00cdme a legfontosabb esem\u00e9nyek napt\u00e1ra:<\/p><p><img decoding=\"async\" class=\"emoji\" role=\"img\" draggable=\"false\" src=\"https:\/\/s.w.org\/images\/core\/emoji\/17.0.2\/svg\/1f5d3.svg\" alt=\"\ud83d\uddd3\ufe0f\" \/> Tavaszi programok<\/p><ul><li><img decoding=\"async\" class=\"emoji\" role=\"img\" draggable=\"false\" src=\"https:\/\/s.w.org\/images\/core\/emoji\/17.0.2\/svg\/2708.svg\" alt=\"\u2708\ufe0f\" \/> <strong>\u00c1prilis k\u00f6zep\u00e9t\u0151l<\/strong>: Szezonnyit\u00f3 rendezv\u00e9nyek a RepT\u00e1r Szolnoki Rep\u00fcl\u0151m\u00fazeumban.<\/li><li><img decoding=\"async\" class=\"emoji\" role=\"img\" draggable=\"false\" src=\"https:\/\/s.w.org\/images\/core\/emoji\/17.0.2\/svg\/1f392.svg\" alt=\"\ud83c\udf92\" \/> <strong>\u00c1prilis 24\u201325.<\/strong>: <a href=\"https:\/\/www.programturizmus.hu\/ajanlat-szolnoki-utazas-kiallitas-es-vasar.html\">27. Szolnoki Utaz\u00e1s \u00e9s Szabadid\u0151 Ki\u00e1ll\u00edt\u00e1s<\/a> \u2013 Turisztikai b\u00f6rze az Aba-Nov\u00e1k Ag\u00f3ra Kultur\u00e1lis K\u00f6zpontban.<\/li><li><img decoding=\"async\" class=\"emoji\" role=\"img\" draggable=\"false\" src=\"https:\/\/s.w.org\/images\/core\/emoji\/17.0.2\/svg\/1f95e.svg\" alt=\"\ud83e\udd5e\" \/> <strong>M\u00e1jus 29\u201331.<\/strong>: 10. Szolnoki Palacsintafesztiv\u00e1l \u2013 Csal\u00e1di \u00e9s gasztron\u00f3miai h\u00e9tv\u00e9ge a Tiszaligetben.<\/li><\/ul><p><img decoding=\"async\" class=\"emoji\" role=\"img\" draggable=\"false\" src=\"https:\/\/s.w.org\/images\/core\/emoji\/17.0.2\/svg\/2600.svg\" alt=\"\u2600\ufe0f\" \/> Ny\u00e1ri \u00e9s \u0151szi fesztiv\u00e1lok<\/p><ul><li><img decoding=\"async\" class=\"emoji\" role=\"img\" draggable=\"false\" src=\"https:\/\/s.w.org\/images\/core\/emoji\/17.0.2\/svg\/1f99f.svg\" alt=\"\ud83e\udd9f\" \/> <strong>J\u00fanius k\u00f6zepe<\/strong>: <strong>Szolnoki Tiszavir\u00e1g Fesztiv\u00e1l<\/strong> \u2013 A v\u00e1ros egyik legl\u00e1tv\u00e1nyosabb rendezv\u00e9nye a Tisza-parton \u00e9s a gyalogh\u00eddon (a pontos d\u00e1tum a k\u00e9r\u00e9szek rajz\u00e1s\u00e1t\u00f3l f\u00fcgg).<\/li><li>\ud83d\udee9\ufe0f <strong class=\"Yjhzub\" data-sfc-root=\"c\" data-sfc-cb=\"\" data-complete=\"true\" data-processed=\"true\" aria-owns=\"action-menu-parent-container\">2026. j\u00fanius 6. \u00e9s 7. \u2013 Legend\u00e1k a Leveg\u0151ben Rep\u00fcl\u0151nap, Szolnok\u00a0 <\/strong>https:\/\/www.programturizmus.hu\/ajanlat-szolnok-repulonap.html<\/li><li><strong style=\"font-size: 1rem;\">\ud83c\udfc0 2026. j\u00falius v\u00e9ge <\/strong><span style=\"font-size: 1rem;\">\u2013 augusztus eleje: <\/span><strong style=\"font-size: 1rem;\">FIBA 3&#215;3 Nemzetk\u00f6zi Kos\u00e1rlabda Fesztiv\u00e1l <\/strong><span style=\"font-size: 1rem;\">A Tiszai Haj\u00f3sok tere t\u00f6bb napra szabadt\u00e9ri profi kos\u00e1rlabda ar\u00e9n\u00e1v\u00e1 alakuV\u00e1rhat\u00f3an id\u00e9n is itt rendezik a FIBA 3&#215;3 Nations League (Nemzetek Lig\u00e1ja) U23-as \u00e9s U21-es fordul\u00f3it.<\/span>A rendezv\u00e9nyen \u00e1ltal\u00e1ban t\u00f6bb mint 20 nemzetk\u00f6zi csapat m\u00e9rk\u0151zik meg, l\u00e1tv\u00e1nyos k\u00eds\u00e9r\u0151programokkal \u00e9s zen\u00e9vel k\u00eds\u00e9rve.<\/li><li><span class=\"T286Pc\" data-sfc-cp=\"\" data-sfc-cb=\"\" data-complete=\"true\" aria-owns=\"action-menu-parent-container\"><img decoding=\"async\" class=\"emoji\" role=\"img\" draggable=\"false\" src=\"https:\/\/s.w.org\/images\/core\/emoji\/17.0.2\/svg\/1f1ed-1f1fa.svg\" alt=\"\ud83c\udded\ud83c\uddfa\" \/> <strong class=\"Yjhzub\" data-sfc-cb=\"\" data-complete=\"true\">Augusztus 20.<\/strong>: <strong class=\"Yjhzub\" data-sfc-cb=\"\" data-complete=\"true\">Szent Istv\u00e1n Nap<\/strong> \u2013 \u00c1llami \u00fcnnep, keny\u00e9r\u00fcnnep \u00e9s esti t\u0171zij\u00e1t\u00e9k a Tisza felett.<\/span> Sz\u00e1llod\u00e1nk teraszair\u00f3 k\u00f6zvetlen\u00fcl egyedi k\u00e9nyelemb\u0151l tekintheted meg a t\u00fczij\u00e1t\u00e9kot.<\/li><li><img decoding=\"async\" class=\"emoji\" role=\"img\" draggable=\"false\" src=\"https:\/\/s.w.org\/images\/core\/emoji\/17.0.2\/svg\/1f372.svg\" alt=\"\ud83c\udf72\" \/> <strong>Szeptember 11\u201312.<\/strong>: <a href=\"https:\/\/www.facebook.com\/gulyasfesztofficial\/photos\/bu%C3%A9k-2026-boldog-%C3%BAj-%C3%A9vet-k%C3%ADv%C3%A1n-a-szolnoki-guly%C3%A1sfesztiv%C3%A1l-csapataaz-%C3%BAj-%C3%A9vben-is-\/1401258628461553\/\">Szolnoki Guly\u00e1sfesztiv\u00e1l<\/a> \u2013 Hagyom\u00e1ny\u0151rz\u0151 f\u0151z\u0151verseny \u00e9s koncertek a Tiszaligetben.<\/li><li><img decoding=\"async\" class=\"emoji\" role=\"img\" draggable=\"false\" src=\"https:\/\/s.w.org\/images\/core\/emoji\/17.0.2\/svg\/1f3ac.svg\" alt=\"\ud83c\udfac\" \/> <strong>Okt\u00f3ber 13\u201318.<\/strong>: <a href=\"https:\/\/www.programturizmus.hu\/ajanlat-tisza-parti-nyar.html\">Alexandre Trauner ART\/FILM Fesztiv\u00e1l<\/a> \u2013 Nemzetk\u00f6zi k\u00e9pz\u0151m\u0171v\u00e9szeti \u00e9s filmfesztiv\u00e1l.<\/li><li><img decoding=\"async\" class=\"emoji\" role=\"img\" draggable=\"false\" src=\"https:\/\/s.w.org\/images\/core\/emoji\/17.0.2\/svg\/1f3b9.svg\" alt=\"\ud83c\udfb9\" \/> <strong>November 7.<\/strong>: <a href=\"https:\/\/www.programturizmus.hu\/ajanlat-aba-novak-kulturalis-kozpont-szolnok-programajanlo.html\">R\u00e1k\u00e1sz Gergely \u2013 Mozart koncert<\/a> \u2013 \u00dcnnepi hangverseny az Ag\u00f3r\u00e1ban.<\/li><\/ul><p><img decoding=\"async\" class=\"emoji\" role=\"img\" draggable=\"false\" src=\"https:\/\/s.w.org\/images\/core\/emoji\/17.0.2\/svg\/1f3db.svg\" alt=\"\ud83c\udfdb\ufe0f\" \/> \u00c1lland\u00f3 l\u00e1tnival\u00f3k (eg\u00e9sz \u00e9vben)<\/p><ul><li><img decoding=\"async\" class=\"emoji\" role=\"img\" draggable=\"false\" src=\"https:\/\/s.w.org\/images\/core\/emoji\/17.0.2\/svg\/1f981.svg\" alt=\"\ud83e\udd81\" \/> <strong>Bagolyv\u00e1r Vadaspark:<\/strong> Vadles \u00e9s csal\u00e1di kikapcsol\u00f3d\u00e1s a term\u00e9szetben.<\/li><li><img decoding=\"async\" class=\"emoji\" role=\"img\" draggable=\"false\" src=\"https:\/\/s.w.org\/images\/core\/emoji\/17.0.2\/svg\/1f9d6.svg\" alt=\"\ud83e\uddd6\" \/> <strong>Szolnoki Term\u00e1lf\u00fcrd\u0151:<\/strong> Gy\u00f3gyvizes pihen\u00e9s \u00e9s wellness a Tisza partj\u00e1n. Nyit\u00e1s v\u00e1rhat\u00f3an ny\u00e1r elej\u00e9n.<\/li><li><img decoding=\"async\" class=\"emoji\" role=\"img\" draggable=\"false\" src=\"https:\/\/s.w.org\/images\/core\/emoji\/17.0.2\/svg\/1f5bc.svg\" alt=\"\ud83d\uddbc\ufe0f\" \/> <strong>Szolnoki M\u0171v\u00e9sztelep:<\/strong> Kort\u00e1rs ki\u00e1ll\u00edt\u00e1sok a v\u00e1ros t\u00f6rt\u00e9nelmi alkot\u00f3h\u00e1z\u00e1ban.<\/li><\/ul><p><img decoding=\"async\" class=\"emoji\" role=\"img\" draggable=\"false\" src=\"https:\/\/s.w.org\/images\/core\/emoji\/17.0.2\/svg\/1f3ad.svg\" alt=\"\ud83c\udfad\" \/> Kultur\u00e1lis \u00e9s k\u00f6z\u00f6ss\u00e9gi esem\u00e9nyek<\/p><ul><li><img decoding=\"async\" class=\"emoji\" role=\"img\" draggable=\"false\" src=\"https:\/\/s.w.org\/images\/core\/emoji\/17.0.2\/svg\/1f3b6.svg\" alt=\"\ud83c\udfb6\" \/> <strong>M\u00e1rcius 12.<\/strong>: TAL\u00c1LKOZ\u00c1SOK k\u00f3ruskoncert a Reform\u00e1tus Gy\u00fclekezeti H\u00e1zban.<\/li><li><img decoding=\"async\" class=\"emoji\" role=\"img\" draggable=\"false\" src=\"https:\/\/s.w.org\/images\/core\/emoji\/17.0.2\/svg\/1f392.svg\" alt=\"\ud83c\udf92\" \/> <strong>\u00c1prilis 24\u201325.<\/strong>: <a href=\"https:\/\/www.programturizmus.hu\/ajanlat-szolnoki-utazas-kiallitas-es-vasar.html\">27. Szolnoki Utaz\u00e1s \u00e9s Szabadid\u0151 Ki\u00e1ll\u00edt\u00e1s<\/a> \u2013 Turisztikai b\u00f6rze \u00e9s programok.<\/li><li><img decoding=\"async\" class=\"emoji\" role=\"img\" draggable=\"false\" src=\"https:\/\/s.w.org\/images\/core\/emoji\/17.0.2\/svg\/1f95e.svg\" alt=\"\ud83e\udd5e\" \/> <strong>M\u00e1jus 29\u201331.<\/strong>: 10. Szolnoki Palacsintafesztiv\u00e1l a Tiszaligetben.<\/li><li><img decoding=\"async\" class=\"emoji\" role=\"img\" draggable=\"false\" src=\"https:\/\/s.w.org\/images\/core\/emoji\/17.0.2\/svg\/1f99f.svg\" alt=\"\ud83e\udd9f\" \/> <strong>J\u00fanius k\u00f6zepe<\/strong>: Szolnoki Tiszavir\u00e1g Fesztiv\u00e1l a Tisza-parton.<\/li><li><img decoding=\"async\" class=\"emoji\" role=\"img\" draggable=\"false\" src=\"https:\/\/s.w.org\/images\/core\/emoji\/17.0.2\/svg\/1f372.svg\" alt=\"\ud83c\udf72\" \/> <strong>Szeptember 11\u201312.<\/strong>: <a href=\"https:\/\/www.facebook.com\/gulyasfesztofficial\/photos\/bu%C3%A9k-2026-boldog-%C3%BAj-%C3%A9vet-k%C3%ADv%C3%A1n-a-szolnoki-guly%C3%A1sfesztiv%C3%A1l-csapataaz-%C3%BAj-%C3%A9vben-is-\/1401258628461553\/\">Szolnoki Guly\u00e1sfesztiv\u00e1l<\/a>.<\/li><\/ul>\t\t\t\t\t\t\t\t<\/div>\n\t\t\t\t<\/div>\n\t\t\t\t\t<\/div>\n\t\t<\/div>\n\t\t\t\t\t<\/div>\n\t\t<\/section>\n\t\t\t\t<\/div>\n\t\t","protected":false},"excerpt":{"rendered":"<p>Szolnok 2026-ban is v\u00e1ltozatos kultur\u00e1lis, gasztron\u00f3miai \u00e9s szabadid\u0151s programokkal v\u00e1rja a l\u00e1togat\u00f3kat. \u00cdme a legfontosabb &#8230; <\/p>\n<div class=\"text-center\"><a class=\"theme-btn\" href=\"https:\/\/atryumhotel.hu\/index.php\/esemenyek\/\">Read More<\/a><\/div>\n","protected":false},"author":2,"featured_media":0,"parent":0,"menu_order":0,"comment_status":"closed","ping_status":"closed","template":"","meta":{"footnotes":""},"class_list":["post-3004","page","type-page","status-publish","hentry"],"aioseo_notices":[],"lang":"hu","translations":{"hu":3004},"pll_sync_post":[],"_links":{"self":[{"href":"https:\/\/atryumhotel.hu\/index.php\/wp-json\/wp\/v2\/pages\/3004","targetHints":{"allow":["GET"]}}],"collection":[{"href":"https:\/\/atryumhotel.hu\/index.php\/wp-json\/wp\/v2\/pages"}],"about":[{"href":"https:\/\/atryumhotel.hu\/index.php\/wp-json\/wp\/v2\/types\/page"}],"author":[{"embeddable":true,"href":"https:\/\/atryumhotel.hu\/index.php\/wp-json\/wp\/v2\/users\/2"}],"replies":[{"embeddable":true,"href":"https:\/\/atryumhotel.hu\/index.php\/wp-json\/wp\/v2\/comments?post=3004"}],"version-history":[{"count":28,"href":"https:\/\/atryumhotel.hu\/index.php\/wp-json\/wp\/v2\/pages\/3004\/revisions"}],"predecessor-version":[{"id":3288,"href":"https:\/\/atryumhotel.hu\/index.php\/wp-json\/wp\/v2\/pages\/3004\/revisions\/3288"}],"wp:attachment":[{"href":"https:\/\/atryumhotel.hu\/index.php\/wp-json\/wp\/v2\/media?parent=3004"}],"curies":[{"name":"wp","href":"https:\/\/api.w.org\/{rel}","templated":true}]}}