{"id":2991,"date":"2026-03-10T09:54:52","date_gmt":"2026-03-10T08:54:52","guid":{"rendered":"https:\/\/atryumhotel.hu\/?page_id=2991"},"modified":"2026-03-14T09:23:30","modified_gmt":"2026-03-14T08:23:30","slug":"kedvezmenyek","status":"publish","type":"page","link":"https:\/\/atryumhotel.hu\/index.php\/kedvezmenyek\/","title":{"rendered":"Kedvezm\u00e9nyek"},"content":{"rendered":"\t\t<div data-elementor-type=\"wp-page\" data-elementor-id=\"2991\" class=\"elementor elementor-2991\" data-elementor-post-type=\"page\">\n\t\t\t\t\t\t<section class=\"elementor-section elementor-top-section elementor-element elementor-element-e4e5054 elementor-section-boxed elementor-section-height-default elementor-section-height-default\" data-id=\"e4e5054\" data-element_type=\"section\" data-e-type=\"section\">\n\t\t\t\t\t\t<div class=\"elementor-container elementor-column-gap-default\">\n\t\t\t\t\t<div class=\"elementor-column elementor-col-100 elementor-top-column elementor-element elementor-element-af9f303\" data-id=\"af9f303\" data-element_type=\"column\" data-e-type=\"column\">\n\t\t\t<div class=\"elementor-widget-wrap elementor-element-populated\">\n\t\t\t\t\t\t<div class=\"elementor-element elementor-element-564d313 elementor-widget elementor-widget-text-editor\" data-id=\"564d313\" data-element_type=\"widget\" data-e-type=\"widget\" data-widget_type=\"text-editor.default\">\n\t\t\t\t<div class=\"elementor-widget-container\">\n\t\t\t\t\t\t\t\t\t<div class=\"otQkpb\" role=\"heading\" aria-level=\"3\" data-animation-nesting=\"\" data-sfc-cp=\"\" data-sfc-cb=\"\" data-complete=\"true\" data-processed=\"true\" data-sae=\"\">\ud83c\udfe8 ATRYUM CLUB \u2013 K\u00d6ZVETLEN FOGLAL\u00c1SI PROGRAM 2026<\/div><div class=\"Y3BBE\" data-sfc-cp=\"\" data-sfc-cb=\"\" data-hveid=\"CAEIBBAA\" data-complete=\"true\" data-processed=\"true\"><em class=\"eujQNb\" data-sfc-cb=\"\" data-complete=\"true\" data-processed=\"true\">\u201eFoglaljon k\u00f6zvetlen\u00fcl, \u00e9ljen a kedvezm\u00e9nyekkel!\u201d<\/em><\/div><div class=\"Fsg96\" data-sfc-cp=\"\" data-sfc-cb=\"\" data-complete=\"true\" data-processed=\"true\">\u00a0<\/div><div class=\"otQkpb\" role=\"heading\" aria-level=\"3\" data-animation-nesting=\"\" data-sfc-cp=\"\" data-sfc-cb=\"\" data-complete=\"true\" data-processed=\"true\" data-sae=\"\">I. KEDVEZM\u00c9NYPROGRAM SZAB\u00c1LYZAT (Atryum Club)<\/div><div class=\"Y3BBE\" data-sfc-cp=\"\" data-sfc-cb=\"\" data-hveid=\"CAEIBhAA\" data-complete=\"true\" data-processed=\"true\">Az <strong class=\"Yjhzub\" data-sfc-cb=\"\" data-complete=\"true\" data-processed=\"true\">Atryum Club<\/strong> c\u00e9lja, hogy kiemelt figyelmet \u00e9s extra kedvezm\u00e9nyeket biztos\u00edtsunk h\u0171s\u00e9ges vend\u00e9geinknek, akik k\u00f6zvetlen\u00fcl n\u00e1lunk foglalnak.<\/div><div class=\"Y3BBE\" data-sfc-cp=\"\" data-sfc-cb=\"\" data-hveid=\"CAEIBxAA\" data-complete=\"true\" data-processed=\"true\"><strong class=\"Yjhzub\" data-sfc-cb=\"\" data-complete=\"true\" data-processed=\"true\">1. R\u00e9szv\u00e9teli felt\u00e9telek:<\/strong><\/div><ul class=\"KsbFXc U6u95\" data-sfc-cb=\"\" data-complete=\"true\" data-processed=\"true\"><li class=\"dF3vjf\" data-sfc-cb=\"\" data-hveid=\"CAEICBAA\" data-complete=\"true\" data-sae=\"\"><span class=\"T286Pc\" data-sfc-cp=\"\" data-sfc-cb=\"\" data-complete=\"true\">A programban minden mag\u00e1nszem\u00e9ly r\u00e9szt vehet, aki 2026-ban legal\u00e1bb egyszer m\u00e1r megsz\u00e1llt sz\u00e1llod\u00e1nkban.<\/span><\/li><li class=\"dF3vjf\" data-sfc-cb=\"\" data-hveid=\"CAEICBAB\" data-complete=\"true\" data-sae=\"\"><span class=\"T286Pc\" data-sfc-cp=\"\" data-sfc-cb=\"\" data-complete=\"true\">A tags\u00e1g felt\u00e9tele a regisztr\u00e1ci\u00f3s \u0171rlap kit\u00f6lt\u00e9se online vagy a recepci\u00f3n.<\/span><\/li><li class=\"dF3vjf\" data-sfc-cb=\"\" data-hveid=\"CAEICBAC\" data-complete=\"true\" data-sae=\"\"><span class=\"T286Pc\" data-sfc-cp=\"\" data-sfc-cb=\"\" data-complete=\"true\"><strong class=\"Yjhzub\" data-sfc-cb=\"\" data-complete=\"true\">Fontos:<\/strong> A kedvezm\u00e9nyek kiz\u00e1r\u00f3lag <strong class=\"Yjhzub\" data-sfc-cb=\"\" data-complete=\"true\">k\u00f6zvetlen foglal\u00e1s<\/strong> (www.atryumhotel.hu, info@atryumhotel.hu vagy telefon) eset\u00e9n \u00e9rv\u00e9nyes\u00edthet\u0151k. Sz\u00e1ll\u00e1sk\u00f6zvet\u00edt\u0151 oldalakon (pl. Booking.com, Sz\u00e1ll\u00e1s.hu) kereszt\u00fcl t\u00f6rt\u00e9nt foglal\u00e1sokra a kedvezm\u00e9nyek nem vonatkoznak.<\/span><\/li><\/ul><div class=\"Y3BBE\" data-sfc-cp=\"\" data-sfc-cb=\"\" data-hveid=\"CAEICRAA\" data-complete=\"true\" data-processed=\"true\"><strong class=\"Yjhzub\" data-sfc-cb=\"\" data-complete=\"true\" data-processed=\"true\">2. A tags\u00e1g exkluz\u00edv el\u0151nyei:<\/strong><\/div><ul class=\"KsbFXc U6u95\" data-sfc-cb=\"\" data-complete=\"true\" data-processed=\"true\"><li class=\"dF3vjf\" data-sfc-cb=\"\" data-hveid=\"CAEIChAA\" data-complete=\"true\" data-sae=\"\"><span class=\"T286Pc\" data-sfc-cp=\"\" data-sfc-cb=\"\" data-complete=\"true\">\ud83d\udcb0 <strong class=\"Yjhzub\" data-sfc-cb=\"\" data-complete=\"true\">Garant\u00e1lt \u00e1rkedvezm\u00e9ny:<\/strong> -5% azonnali kedvezm\u00e9ny a napi lista\u00e1rakb\u00f3l.<\/span><\/li><li class=\"dF3vjf\" data-sfc-cb=\"\" data-hveid=\"CAEIChAB\" data-complete=\"true\" data-sae=\"\"><span class=\"T286Pc\" data-sfc-cp=\"\" data-sfc-cb=\"\" data-complete=\"true\">\ud83d\udcc8 <strong class=\"Yjhzub\" data-sfc-cb=\"\" data-complete=\"true\">Hosszabb tart\u00f3zkod\u00e1s b\u00f3nusz:<\/strong> Tov\u00e1bbi 5% kedvezm\u00e9ny (\u00f6sszesen 10%), amennyiben legal\u00e1bb k\u00e9t \u00e9jszak\u00e1t t\u00f6lt sz\u00e1llod\u00e1nkban.<\/span><\/li><li class=\"dF3vjf\" data-sfc-cb=\"\" data-hveid=\"CAEIChAC\" data-complete=\"true\" data-sae=\"\"><span class=\"T286Pc\" data-sfc-cp=\"\" data-sfc-cb=\"\" data-complete=\"true\">\u2615 <strong class=\"Yjhzub\" data-sfc-cb=\"\" data-complete=\"true\">\u00dcdv\u00f6zl\u0151 aj\u00e1nd\u00e9k:<\/strong> Legyen a vend\u00e9g\u00fcnk egy ingyen \u00fcdv\u00f6zl\u0151italra vagy k\u00e1v\u00e9k\u00fcl\u00f6nlegess\u00e9gre \u00e9rkez\u00e9skor.<\/span><\/li><li class=\"dF3vjf\" data-sfc-cb=\"\" data-hveid=\"CAEIChAD\" data-complete=\"true\" data-sae=\"\"><span class=\"T286Pc\" data-sfc-cp=\"\" data-sfc-cb=\"\" data-complete=\"true\">\ud83c\udf73 <strong class=\"Yjhzub\" data-sfc-cb=\"\" data-complete=\"true\">Gasztron\u00f3miai b\u00f3nusz:<\/strong> 10% kedvezm\u00e9ny a reggeli \u00e1r\u00e1b\u00f3l.<\/span><\/li><li class=\"dF3vjf\" data-sfc-cb=\"\" data-hveid=\"CAEIChAE\" data-complete=\"true\" data-sae=\"\"><span class=\"T286Pc\" data-sfc-cp=\"\" data-sfc-cb=\"\" data-complete=\"true\">\ud83d\udd52 <strong class=\"Yjhzub\" data-sfc-cb=\"\" data-complete=\"true\">Rugalmas id\u0151kezel\u00e9s:<\/strong> Ingyenes korai bejelentkez\u00e9s (12:00-t\u00f3l) vagy k\u00e9s\u0151i kijelentkez\u00e9s (12:00-ig), a szabad kapacit\u00e1s f\u00fcggv\u00e9ny\u00e9ben.<\/span><\/li><\/ul><div class=\"Y3BBE\" data-sfc-cp=\"\" data-sfc-cb=\"\" data-hveid=\"CAEICxAA\" data-complete=\"true\" data-processed=\"true\"><strong class=\"Yjhzub\" data-sfc-cb=\"\" data-complete=\"true\" data-processed=\"true\">3. \u00c9rv\u00e9nyes\u00edt\u00e9s:<\/strong><br data-sfc-pl=\"|[]\" data-sfc-cb=\"\" data-complete=\"true\" data-processed=\"true\" \/>Foglal\u00e1skor haszn\u00e1lja az <strong class=\"Yjhzub\" data-sfc-cb=\"\" data-complete=\"true\" data-processed=\"true\">ATRYUM-CLUB2026<\/strong> kuponk\u00f3dot, vagy hivatkozzon tags\u00e1g\u00e1ra munkat\u00e1rsainkn\u00e1l.<\/div>\t\t\t\t\t\t\t\t<\/div>\n\t\t\t\t<\/div>\n\t\t\t\t\t<\/div>\n\t\t<\/div>\n\t\t\t\t\t<\/div>\n\t\t<\/section>\n\t\t\t\t<\/div>\n\t\t","protected":false},"excerpt":{"rendered":"<p>\ud83c\udfe8 ATRYUM CLUB \u2013 K\u00d6ZVETLEN FOGLAL\u00c1SI PROGRAM 2026\u201eFoglaljon k\u00f6zvetlen\u00fcl, \u00e9ljen a kedvezm\u00e9nyekkel!\u201d\u00a0I. KEDVEZM\u00c9NYPROGRAM SZAB\u00c1LYZAT (Atryum &#8230; <\/p>\n<div class=\"text-center\"><a class=\"theme-btn\" href=\"https:\/\/atryumhotel.hu\/index.php\/kedvezmenyek\/\">Read More<\/a><\/div>\n","protected":false},"author":1,"featured_media":0,"parent":0,"menu_order":0,"comment_status":"closed","ping_status":"closed","template":"","meta":{"footnotes":""},"class_list":["post-2991","page","type-page","status-publish","hentry"],"aioseo_notices":[],"lang":"hu","translations":{"hu":2991},"pll_sync_post":[],"_links":{"self":[{"href":"https:\/\/atryumhotel.hu\/index.php\/wp-json\/wp\/v2\/pages\/2991","targetHints":{"allow":["GET"]}}],"collection":[{"href":"https:\/\/atryumhotel.hu\/index.php\/wp-json\/wp\/v2\/pages"}],"about":[{"href":"https:\/\/atryumhotel.hu\/index.php\/wp-json\/wp\/v2\/types\/page"}],"author":[{"embeddable":true,"href":"https:\/\/atryumhotel.hu\/index.php\/wp-json\/wp\/v2\/users\/1"}],"replies":[{"embeddable":true,"href":"https:\/\/atryumhotel.hu\/index.php\/wp-json\/wp\/v2\/comments?post=2991"}],"version-history":[{"count":4,"href":"https:\/\/atryumhotel.hu\/index.php\/wp-json\/wp\/v2\/pages\/2991\/revisions"}],"predecessor-version":[{"id":3042,"href":"https:\/\/atryumhotel.hu\/index.php\/wp-json\/wp\/v2\/pages\/2991\/revisions\/3042"}],"wp:attachment":[{"href":"https:\/\/atryumhotel.hu\/index.php\/wp-json\/wp\/v2\/media?parent=2991"}],"curies":[{"name":"wp","href":"https:\/\/api.w.org\/{rel}","templated":true}]}}