{"id":2980,"date":"2026-03-10T09:50:35","date_gmt":"2026-03-10T08:50:35","guid":{"rendered":"https:\/\/atryumhotel.hu\/?page_id=2980"},"modified":"2026-03-10T10:49:55","modified_gmt":"2026-03-10T09:49:55","slug":"gyik","status":"publish","type":"page","link":"https:\/\/atryumhotel.hu\/index.php\/gyik\/","title":{"rendered":"Gyakran Ism\u00e9telt K\u00e9rd\u00e9sek"},"content":{"rendered":"\t\t<div data-elementor-type=\"wp-page\" data-elementor-id=\"2980\" class=\"elementor elementor-2980\" data-elementor-post-type=\"page\">\n\t\t\t\t\t\t<section class=\"elementor-section elementor-top-section elementor-element elementor-element-e4e5054 elementor-section-boxed elementor-section-height-default elementor-section-height-default\" data-id=\"e4e5054\" data-element_type=\"section\" data-e-type=\"section\">\n\t\t\t\t\t\t<div class=\"elementor-container elementor-column-gap-default\">\n\t\t\t\t\t<div class=\"elementor-column elementor-col-100 elementor-top-column elementor-element elementor-element-af9f303\" data-id=\"af9f303\" data-element_type=\"column\" data-e-type=\"column\">\n\t\t\t<div class=\"elementor-widget-wrap elementor-element-populated\">\n\t\t\t\t\t\t<div class=\"elementor-element elementor-element-564d313 elementor-widget elementor-widget-text-editor\" data-id=\"564d313\" data-element_type=\"widget\" data-e-type=\"widget\" data-widget_type=\"text-editor.default\">\n\t\t\t\t<div class=\"elementor-widget-container\">\n\t\t\t\t\t\t\t\t\t<p><strong>Gyakran Ism\u00e9telt K\u00e9rd\u00e9sek \u2013 Hogy minden sim\u00e1n menjen!<\/strong> \ud83d\udca1<\/p><p>\ud83c\udfe0 <strong>Mikor lehet elfoglalni a szob\u00e1kat \u00e9s meddig kell kijelentkezni?<\/strong> \u00c9rkez\u00e9sed napj\u00e1n <strong>14:00-t\u00f3l<\/strong> v\u00e1runk nagy szeretettel. A t\u00e1voz\u00e1s napj\u00e1n pedig r\u00e1\u00e9rsz <strong>10:00-ig<\/strong> \u00f6sszecsomagolni.<br \/><em>Tipp: Ha rendezv\u00e9nyre j\u00f6ssz \u00e9s kor\u00e1bban \u00e9rkezn\u00e9l, vagy tov\u00e1bb maradn\u00e1l, jelezd el\u0151re, \u00e9s ha a foglalts\u00e1g engedi, megoldjuk!<\/em><br \/>\ud83d\ude97 <strong>Van-e ingyenes parkol\u00e1si lehet\u0151s\u00e9g a sz\u00e1llod\u00e1n\u00e1l?<\/strong> A biztons\u00e1g mindenekel\u0151tt! Sz\u00e1llod\u00e1nk el\u0151tt saj\u00e1t, kamer\u00e1val megfigyelt parkol\u00f3val rendelkezik, \u00edgy nem kell a belv\u00e1rosi parkol\u00f3helyek miatt agg\u00f3dnod. <br \/>\u2615 <strong>Van lehet\u0151s\u00e9g reggelire? <\/strong>Term\u00e9szetesen! Reggelinket \u00fagy \u00e1ll\u00edtottuk \u00f6ssze, hogy a klasszikus \u00e9s a modern \u00edzek kedvel\u0151i is megtal\u00e1lj\u00e1k a kedvenc\u00fcket. Friss k\u00e1v\u00e9, ropog\u00f3s p\u00e9k\u00e1ru \u00e9s helyi finoms\u00e1gok ind\u00edtj\u00e1k a napod. El\u0151zetesen a foglal\u00e1skor vagy az \u00e9rkez\u00e9skor k\u00e9rj\u00fck jelezd, ha ig\u00e9nyled a vend\u00e9geink \u00e1ltal kedvelt b\u0151s\u00e9ges sv\u00e9dasztalos reggelinket, amelyet hangulatos \u00e9tterm\u00fcnkben szolg\u00e1lunk fel. Ig\u00e9ny eset\u00e9n f\u00e9lpanzi\u00f3s ell\u00e1t\u00e1s is biztos\u00edtunk.<\/p><p>\ud83d\udccd <strong>Milyen messze van a hotel a v\u00e1rosk\u00f6zpontt\u00f3l \u00e9s a rendezv\u00e9nyekt\u0151l?<\/strong><br \/>Szinte \u201ebenne laksz\u201d a k\u00f6zpontban! Sz\u00e1llod\u00e1nk a Tiszaligetben tal\u00e1lhat\u00f3, a belv\u00e1ros gyalogosan mind\u00f6ssze 5 perc alatt el\u00e9rhet\u0151 a fest\u0151i <strong>Tiszavir\u00e1g-h\u00eddon<\/strong> kereszt\u00fcl. Aut\u00f3val vagy busszal csup\u00e1n 3-5 perc az \u00fat a belv\u00e1ros.<\/p><p>\ud83d\udc3e<strong>. Vihetem-e magammal a kis\u00e1llatomat?<\/strong> <br \/>Mivel sz\u00e1llod\u00e1nk kialak\u00edt\u00e1sa \u00e9s a vend\u00e9gek nyugalma kiemelt szempont, k\u00e9rj\u00fck, h\u00e1zi kedvencekkel kapcsolatban minden esetben <strong>el\u0151zetesen egyeztess vel\u00fcnk<\/strong> telefonon vagy e-mailben, hogy a legmegfelel\u0151bb megold\u00e1st tal\u00e1ljuk.<br \/>\ud83d\udcb3 <strong>Milyen fizet\u00e9si m\u00f3dokat fogadtok el?\u00a0 <\/strong>K\u00e9szp\u00e9nz, bankk\u00e1rtya \u00e9s term\u00e9szetesen <strong>SZ\u00c9P k\u00e1rtya<\/strong> (OTP, MKB) elfogad\u00f3hely vagyunk. Fizethetsz el\u0151re utal\u00e1ssal vagy a helysz\u00ednen is.<\/p><p>\ud83d\udd04 <strong>Lemondhatom-e a foglal\u00e1somat?<\/strong><br \/>Tudjuk, hogy az \u00e9let k\u00f6zbesz\u00f3lhat. A lemond\u00e1si felt\u00e9telek a v\u00e1lasztott csomagt\u00f3l f\u00fcggenek \u2013 az \u201eEarly Bird\u201d aj\u00e1nlatokn\u00e1l \u00e1ltal\u00e1ban szigor\u00fabbak, a norm\u00e1l foglal\u00e1sokn\u00e1l rugalmasabbak vagyunk. A pontos r\u00e9szleteket a visszaigazol\u00f3 e-mailben mindig megtal\u00e1lod!<\/p><p>\ud83c\udfdb\ufe0f <strong>Milyen programlehet\u0151s\u00e9gek vannak a k\u00f6zelben?<\/strong> Kultur\u00e1lis \u00e9s t\u00f6rt\u00e9nelmi l\u00e1tnival\u00f3kr\u00f3l, k\u00f6zelg\u0151 esem\u00e9nyekr\u0151l, Sz\u00e1llod\u00e1nk honlapj\u00e1n a \u201eProgramaj\u00e1nl\u00f3\u201d leg\u00f6rd\u00fcl\u0151 men\u00fcben b\u0151vebben t\u00e1j\u00e9koz\u00f3dhatsz. \u00a0<\/p>\t\t\t\t\t\t\t\t<\/div>\n\t\t\t\t<\/div>\n\t\t\t\t\t<\/div>\n\t\t<\/div>\n\t\t\t\t\t<\/div>\n\t\t<\/section>\n\t\t\t\t<\/div>\n\t\t","protected":false},"excerpt":{"rendered":"<p>Gyakran Ism\u00e9telt K\u00e9rd\u00e9sek \u2013 Hogy minden sim\u00e1n menjen! \ud83d\udca1 \ud83c\udfe0 Mikor lehet elfoglalni a szob\u00e1kat &#8230; <\/p>\n<div class=\"text-center\"><a class=\"theme-btn\" href=\"https:\/\/atryumhotel.hu\/index.php\/gyik\/\">Read More<\/a><\/div>\n","protected":false},"author":1,"featured_media":0,"parent":0,"menu_order":0,"comment_status":"closed","ping_status":"closed","template":"","meta":{"footnotes":""},"class_list":["post-2980","page","type-page","status-publish","hentry"],"aioseo_notices":[],"lang":"hu","translations":{"hu":2980},"pll_sync_post":[],"_links":{"self":[{"href":"https:\/\/atryumhotel.hu\/index.php\/wp-json\/wp\/v2\/pages\/2980","targetHints":{"allow":["GET"]}}],"collection":[{"href":"https:\/\/atryumhotel.hu\/index.php\/wp-json\/wp\/v2\/pages"}],"about":[{"href":"https:\/\/atryumhotel.hu\/index.php\/wp-json\/wp\/v2\/types\/page"}],"author":[{"embeddable":true,"href":"https:\/\/atryumhotel.hu\/index.php\/wp-json\/wp\/v2\/users\/1"}],"replies":[{"embeddable":true,"href":"https:\/\/atryumhotel.hu\/index.php\/wp-json\/wp\/v2\/comments?post=2980"}],"version-history":[{"count":10,"href":"https:\/\/atryumhotel.hu\/index.php\/wp-json\/wp\/v2\/pages\/2980\/revisions"}],"predecessor-version":[{"id":3021,"href":"https:\/\/atryumhotel.hu\/index.php\/wp-json\/wp\/v2\/pages\/2980\/revisions\/3021"}],"wp:attachment":[{"href":"https:\/\/atryumhotel.hu\/index.php\/wp-json\/wp\/v2\/media?parent=2980"}],"curies":[{"name":"wp","href":"https:\/\/api.w.org\/{rel}","templated":true}]}}