{"id":1002,"date":"2025-04-03T14:21:48","date_gmt":"2025-04-03T12:21:48","guid":{"rendered":"https:\/\/atryumhotel.hu\/?page_id=1002"},"modified":"2026-03-24T12:50:18","modified_gmt":"2026-03-24T11:50:18","slug":"kapcsolat","status":"publish","type":"page","link":"https:\/\/atryumhotel.hu\/index.php\/kapcsolat\/","title":{"rendered":"Kapcsolat"},"content":{"rendered":"\t\t<div data-elementor-type=\"wp-page\" data-elementor-id=\"1002\" class=\"elementor elementor-1002\" data-elementor-post-type=\"page\">\n\t\t\t\t\t\t<section class=\"elementor-section elementor-top-section elementor-element elementor-element-a5c6a1d elementor-section-boxed elementor-section-height-default elementor-section-height-default\" data-id=\"a5c6a1d\" data-element_type=\"section\" data-e-type=\"section\">\n\t\t\t\t\t\t<div class=\"elementor-container elementor-column-gap-default\">\n\t\t\t\t\t<div class=\"elementor-column elementor-col-100 elementor-top-column elementor-element elementor-element-4aa823b\" data-id=\"4aa823b\" data-element_type=\"column\" data-e-type=\"column\">\n\t\t\t<div class=\"elementor-widget-wrap elementor-element-populated\">\n\t\t\t\t\t\t<div class=\"elementor-element elementor-element-6f44156 elementor-widget elementor-widget-text-editor\" data-id=\"6f44156\" data-element_type=\"widget\" data-e-type=\"widget\" data-widget_type=\"text-editor.default\">\n\t\t\t\t<div class=\"elementor-widget-container\">\n\t\t\t\t\t\t\t\t\t<h3><strong>Atryum Hotel Szolnok<\/strong><\/h3><p><strong>C\u00edm:<\/strong> 5000 Szolnok, 9695 hrsz.<br \/><strong>Ad\u00f3sz\u00e1m:<\/strong> 11267810-2-16, <br \/><strong>C\u00e9gjegyz\u00e9ksz\u00e1m:<\/strong> 16-09-002855<br \/><strong>Telefon:<\/strong> 06 56 514 600 | 06 20 421 32 17<br \/><strong>E-mail:<\/strong> recepcio@atryumhotel.hu<\/p>\t\t\t\t\t\t\t\t<\/div>\n\t\t\t\t<\/div>\n\t\t\t\t<div class=\"elementor-element elementor-element-252519c elementor-widget elementor-widget-google_maps\" data-id=\"252519c\" data-element_type=\"widget\" data-e-type=\"widget\" data-widget_type=\"google_maps.default\">\n\t\t\t\t<div class=\"elementor-widget-container\">\n\t\t\t\t\t\t\t<div class=\"elementor-custom-embed\">\n\t\t\t<iframe loading=\"lazy\"\n\t\t\t\t\tsrc=\"https:\/\/maps.google.com\/maps?q=Atryum%20Hotel%2C%20Szolnok%2C%20Tiszaligeti%20stny.%205%2C%205000&#038;t=m&#038;z=14&#038;output=embed&#038;iwloc=near\"\n\t\t\t\t\ttitle=\"Atryum Hotel, Szolnok, Tiszaligeti stny. 5, 5000\"\n\t\t\t\t\taria-label=\"Atryum Hotel, Szolnok, Tiszaligeti stny. 5, 5000\"\n\t\t\t><\/iframe>\n\t\t<\/div>\n\t\t\t\t\t\t<\/div>\n\t\t\t\t<\/div>\n\t\t\t\t\t<\/div>\n\t\t<\/div>\n\t\t\t\t\t<\/div>\n\t\t<\/section>\n\t\t\t\t<\/div>\n\t\t","protected":false},"excerpt":{"rendered":"<p>Atryum Hotel Szolnok C\u00edm: 5000 Szolnok, 9695 hrsz.Ad\u00f3sz\u00e1m: 11267810-2-16, C\u00e9gjegyz\u00e9ksz\u00e1m: 16-09-002855Telefon: 06 56 514 600 &#8230; <\/p>\n<div class=\"text-center\"><a class=\"theme-btn\" href=\"https:\/\/atryumhotel.hu\/index.php\/kapcsolat\/\">Read More<\/a><\/div>\n","protected":false},"author":1,"featured_media":0,"parent":0,"menu_order":0,"comment_status":"closed","ping_status":"closed","template":"","meta":{"footnotes":""},"class_list":["post-1002","page","type-page","status-publish","hentry"],"aioseo_notices":[],"lang":"hu","translations":{"hu":1002},"pll_sync_post":[],"_links":{"self":[{"href":"https:\/\/atryumhotel.hu\/index.php\/wp-json\/wp\/v2\/pages\/1002","targetHints":{"allow":["GET"]}}],"collection":[{"href":"https:\/\/atryumhotel.hu\/index.php\/wp-json\/wp\/v2\/pages"}],"about":[{"href":"https:\/\/atryumhotel.hu\/index.php\/wp-json\/wp\/v2\/types\/page"}],"author":[{"embeddable":true,"href":"https:\/\/atryumhotel.hu\/index.php\/wp-json\/wp\/v2\/users\/1"}],"replies":[{"embeddable":true,"href":"https:\/\/atryumhotel.hu\/index.php\/wp-json\/wp\/v2\/comments?post=1002"}],"version-history":[{"count":25,"href":"https:\/\/atryumhotel.hu\/index.php\/wp-json\/wp\/v2\/pages\/1002\/revisions"}],"predecessor-version":[{"id":3168,"href":"https:\/\/atryumhotel.hu\/index.php\/wp-json\/wp\/v2\/pages\/1002\/revisions\/3168"}],"wp:attachment":[{"href":"https:\/\/atryumhotel.hu\/index.php\/wp-json\/wp\/v2\/media?parent=1002"}],"curies":[{"name":"wp","href":"https:\/\/api.w.org\/{rel}","templated":true}]}}